{"id":38,"date":"2017-05-23T10:14:37","date_gmt":"2017-05-23T07:14:37","guid":{"rendered":"https:\/\/varosikalaka.ro\/?page_id=38"},"modified":"2023-04-26T10:27:13","modified_gmt":"2023-04-26T07:27:13","slug":"fooldal","status":"publish","type":"page","link":"https:\/\/varosikalaka.szka.ro\/","title":{"rendered":"F\u0151oldal"},"content":{"rendered":"<div class=\"wpb-content-wrapper\"><p>[vc_row][vc_column][vc_single_image image=&#8221;211&#8243; img_size=&#8221;full&#8221; alignment=&#8221;center&#8221;][\/vc_column][\/vc_row][vc_row full_height=&#8221;yes&#8221; content_placement=&#8221;middle&#8221;][vc_column width=&#8221;1\/3&#8243;]<div class=\"stats-block stats-top  \"><div class=\"aio-icon-top\"><div class=\"ult-just-icon-wrapper  \"><div class=\"align-icon\" style=\"text-align:center;\">\n<div class=\"aio-icon none \"  style=\"color:#333333;font-size:32px;display:inline-block;\">\n\t<i class=\"Defaults-bullhorn\"><\/i>\n<\/div><\/div><\/div><\/div><div class=\"stats-desc\" id=\"counter-responsv-wrap-5860\"><div id=\"counter_512498669e49ed4b02d8\" data-id=\"counter_512498669e49ed4b02d8\"  data-ultimate-target='#counter-responsv-wrap-5860 .stats-number'  data-responsive-json-new='{\"font-size\":\"\",\"line-height\":\"\"}'  class=\"stats-number ult-responsive\" style=\"font-size:28px;  \" data-speed=\"3\" data-counter-value=\"9\" data-separator=\",\" data-decimal=\".\">0<\/div><div id=\"title-counter_512498669e49ed4b02d8\"  data-ultimate-target='#counter-responsv-wrap-5860 .stats-text'  data-responsive-json-new='{\"font-size\":\"\",\"line-height\":\"\"}'  class=\"stats-text ult-responsive\" style=\"font-size:18px;  \">kal\u00e1ka<\/div><\/div><\/div>[vc_btn title=&#8221;H\u00edrek&#8221; style=&#8221;3d&#8221; color=&#8221;success&#8221; align=&#8221;center&#8221; button_block=&#8221;true&#8221; link=&#8221;url:https%3A%2F%2Fvarosikalaka.szka.ro%2F%3Fpage_id%3D113|target:_blank&#8221;][\/vc_column][vc_column width=&#8221;1\/3&#8243;]<div class=\"stats-block stats-top  \"><div class=\"aio-icon-top\"><div class=\"ult-just-icon-wrapper  \"><div class=\"align-icon\" style=\"text-align:center;\">\n<div class=\"aio-icon none \"  style=\"color:#333333;font-size:32px;display:inline-block;\">\n\t<i class=\"Defaults-group users\"><\/i>\n<\/div><\/div><\/div><\/div><div class=\"stats-desc\" id=\"counter-responsv-wrap-4721\"><div id=\"counter_365173682269e49ed4b03ed\" data-id=\"counter_365173682269e49ed4b03ed\"  data-ultimate-target='#counter-responsv-wrap-4721 .stats-number'  data-responsive-json-new='{\"font-size\":\"\",\"line-height\":\"\"}'  class=\"stats-number ult-responsive\" style=\"font-size:28px;  \" data-speed=\"3\" data-counter-value=\"1088\" data-separator=\".\" data-decimal=\".\">0<\/div><div id=\"title-counter_365173682269e49ed4b03ed\"  data-ultimate-target='#counter-responsv-wrap-4721 .stats-text'  data-responsive-json-new='{\"font-size\":\"\",\"line-height\":\"\"}'  class=\"stats-text ult-responsive\" style=\"font-size:18px;  \">\u00f6nk\u00e9ntes r\u00e9sztvev\u0151<\/div><\/div><\/div>[vc_btn title=&#8221;Mi a V\u00e1rosi Kal\u00e1ka?&#8221; style=&#8221;3d&#8221; color=&#8221;pink&#8221; align=&#8221;center&#8221; button_block=&#8221;true&#8221; link=&#8221;url:https%3A%2F%2Fvarosikalaka.szka.ro%2F%3Fpage_id%3D2|target:_blank&#8221;][\/vc_column][vc_column width=&#8221;1\/3&#8243;]<div class=\"stats-block stats-top  \"><div class=\"aio-icon-top\"><div class=\"ult-just-icon-wrapper  \"><div class=\"align-icon\" style=\"text-align:center;\">\n<div class=\"aio-icon none \"  style=\"color:#333333;font-size:32px;display:inline-block;\">\n\t<i class=\"Defaults-money\"><\/i>\n<\/div><\/div><\/div><\/div><div class=\"stats-desc\" id=\"counter-responsv-wrap-6288\"><div id=\"counter_348256065069e49ed4b04df\" data-id=\"counter_348256065069e49ed4b04df\"  data-ultimate-target='#counter-responsv-wrap-6288 .stats-number'  data-responsive-json-new='{\"font-size\":\"\",\"line-height\":\"\"}'  class=\"stats-number ult-responsive\" style=\"font-size:28px;  \" data-speed=\"3\" data-counter-value=\"377000\" data-separator=\".\" data-decimal=\"none\">0<\/div><div id=\"title-counter_348256065069e49ed4b04df\"  data-ultimate-target='#counter-responsv-wrap-6288 .stats-text'  data-responsive-json-new='{\"font-size\":\"\",\"line-height\":\"\"}'  class=\"stats-text ult-responsive\" style=\"font-size:18px;  \">lej<\/div><\/div><\/div>[vc_btn title=&#8221;Kal\u00e1ka Plusz&#8221; style=&#8221;3d&#8221; color=&#8221;info&#8221; align=&#8221;center&#8221; button_block=&#8221;true&#8221; link=&#8221;url:https%3A%2F%2Fvarosikalaka.szka.ro%2F%3Fpage_id%3D24|target:_blank&#8221;][\/vc_column][\/vc_row][vc_row content_placement=&#8221;top&#8221;][vc_column width=&#8221;1\/3&#8243;][\/vc_column][vc_column width=&#8221;1\/3&#8243;][\/vc_column][vc_column width=&#8221;1\/3&#8243;][\/vc_column][\/vc_row]<\/p>\n<\/div>","protected":false},"excerpt":{"rendered":"<p>[vc_row][vc_column][vc_single_image image=&#8221;211&#8243; img_size=&#8221;full&#8221; alignment=&#8221;center&#8221;][\/vc_column][\/vc_row][vc_row full_height=&#8221;yes&#8221; content_placement=&#8221;middle&#8221;][vc_column width=&#8221;1\/3&#8243;][vc_btn title=&#8221;H\u00edrek&#8221; style=&#8221;3d&#8221; color=&#8221;success&#8221; align=&#8221;center&#8221; button_block=&#8221;true&#8221; link=&#8221;url:https%3A%2F%2Fvarosikalaka.szka.ro%2F%3Fpage_id%3D113|target:_blank&#8221;][\/vc_column][vc_column width=&#8221;1\/3&#8243;][vc_btn title=&#8221;Mi a V\u00e1rosi Kal\u00e1ka?&#8221; style=&#8221;3d&#8221; color=&#8221;pink&#8221; align=&#8221;center&#8221; button_block=&#8221;true&#8221; link=&#8221;url:https%3A%2F%2Fvarosikalaka.szka.ro%2F%3Fpage_id%3D2|target:_blank&#8221;][\/vc_column][vc_column width=&#8221;1\/3&#8243;][vc_btn title=&#8221;Kal\u00e1ka Plusz&#8221; style=&#8221;3d&#8221; color=&#8221;info&#8221; align=&#8221;center&#8221; button_block=&#8221;true&#8221; link=&#8221;url:https%3A%2F%2Fvarosikalaka.szka.ro%2F%3Fpage_id%3D24|target:_blank&#8221;][\/vc_column][\/vc_row][vc_row content_placement=&#8221;top&#8221;][vc_column width=&#8221;1\/3&#8243;][\/vc_column][vc_column width=&#8221;1\/3&#8243;][\/vc_column][vc_column width=&#8221;1\/3&#8243;][\/vc_column][\/vc_row]<\/p>\n","protected":false},"author":1,"featured_media":0,"parent":0,"menu_order":0,"comment_status":"closed","ping_status":"closed","template":"","meta":{"footnotes":""},"class_list":["post-38","page","type-page","status-publish","hentry"],"_links":{"self":[{"href":"https:\/\/varosikalaka.szka.ro\/index.php?rest_route=\/wp\/v2\/pages\/38","targetHints":{"allow":["GET"]}}],"collection":[{"href":"https:\/\/varosikalaka.szka.ro\/index.php?rest_route=\/wp\/v2\/pages"}],"about":[{"href":"https:\/\/varosikalaka.szka.ro\/index.php?rest_route=\/wp\/v2\/types\/page"}],"author":[{"embeddable":true,"href":"https:\/\/varosikalaka.szka.ro\/index.php?rest_route=\/wp\/v2\/users\/1"}],"replies":[{"embeddable":true,"href":"https:\/\/varosikalaka.szka.ro\/index.php?rest_route=%2Fwp%2Fv2%2Fcomments&post=38"}],"version-history":[{"count":13,"href":"https:\/\/varosikalaka.szka.ro\/index.php?rest_route=\/wp\/v2\/pages\/38\/revisions"}],"predecessor-version":[{"id":369,"href":"https:\/\/varosikalaka.szka.ro\/index.php?rest_route=\/wp\/v2\/pages\/38\/revisions\/369"}],"wp:attachment":[{"href":"https:\/\/varosikalaka.szka.ro\/index.php?rest_route=%2Fwp%2Fv2%2Fmedia&parent=38"}],"curies":[{"name":"wp","href":"https:\/\/api.w.org\/{rel}","templated":true}]}}