{"id":24,"date":"2017-05-21T09:15:57","date_gmt":"2017-05-21T06:15:57","guid":{"rendered":"https:\/\/varosikalaka.ro\/?page_id=24"},"modified":"2023-04-26T10:23:41","modified_gmt":"2023-04-26T07:23:41","slug":"24-2","status":"publish","type":"page","link":"https:\/\/varosikalaka.szka.ro\/?page_id=24","title":{"rendered":"Kal\u00e1ka Plusz"},"content":{"rendered":"<div class=\"wpb-content-wrapper\"><p>[vc_row][vc_column][vc_column_text]A V\u00e1rosi Kal\u00e1ka egyik adom\u00e1nygy\u0171jt\u0151 programja ez, mely 2009-t\u0151l m\u0171k\u00f6dik. E program keret\u00e9ben a helyi c\u00e9gek alkalmazottai rendszeres adom\u00e1nyaikkal, felaj\u00e1nl\u00e1saikkal j\u00e1rulnak hozz\u00e1 ahhoz a p\u00e9nzalaphoz, amelyb\u0151l megval\u00f3sulnak a k\u00f6z\u00f6ss\u00e9g sz\u00e1m\u00e1ra fontos k\u00f6zterek \u00e9s sportp\u00e1ly\u00e1k fel\u00faj\u00edt\u00e1sa, jav\u00edt\u00e1sa, \u00e1talak\u00edt\u00e1sa.<\/p>\n<p>&nbsp;<\/p>\n<h3>Hogyan m\u0171k\u00f6dik?<\/h3>\n<p>Az a helyi v\u00e1llalkoz\u00e1s, amely egyet\u00e9rt ennek a programnak az \u00e9rt\u00e9keivel \u00e9s m\u00f3dszertan\u00e1val, beengedi a K\u00f6z\u00f6ss\u00e9gi Alap\u00edtv\u00e1nyt, hogy alkalmazottaival ismertesse a program c\u00e9lj\u00e1t.<\/p>\n<p>Az alkalmazottak egy\u00e9nileg d\u00f6ntik el, hogy bekapcsol\u00f3dnak vagy sem a programba. Aki bekapcsol\u00f3dik, \u00e1ltal\u00e1ban egy \u00e9ves id\u0151szakra k\u00f6telez\u0151dik el \u00e9s azt v\u00e1llalja, hogy havonta egy kisebb \u00f6sszeggel t\u00e1mogatja a programot. Mindezt egy keretszerz\u0151d\u00e9sben r\u00f6gz\u00edtj\u00fck.<\/p>\n<p>A K\u00f6z\u00f6ss\u00e9gi Alap\u00edtv\u00e1ny minden \u00e9v v\u00e9g\u00e9n r\u00e9szletes besz\u00e1mol\u00f3 keret\u00e9ben ismerteti a megval\u00f3s\u00edt\u00e1st (pl. j\u00e1tsz\u00f3t\u00e9r vagy sportp\u00e1lya fel\u00faj\u00edt\u00e1s).<\/p>\n<p>Ha az adom\u00e1nyoz\u00f3 el\u00e9gedett, \u00fajabb \u00e9vre k\u00f6telezi el mag\u00e1t.<\/p>\n<p>Sz\u00e1munkra \u00f6r\u00f6m \u00e9s b\u00fcszkes\u00e9g, hogy ez a program a helyi egy\u00e9ni adom\u00e1nyoz\u00f3knak k\u00f6sz\u00f6nhet\u0151en t\u00f6bb mint 8 \u00e9ve folyamatosan m\u0171k\u00f6dik. \u0150k a p\u00e9ld\u00e1i annak, hogy sok kicsi sokra megy!<strong>\u00a0<\/strong><\/p>\n<p>&nbsp;<\/p>\n<h3>Kapcsol\u00f3dj be!<\/h3>\n<p>A Kal\u00e1ka Plusz az orsz\u00e1gban egyed\u00fcl\u00e1ll\u00f3 adom\u00e1nygy\u0171jt\u0151 program \u00e9s \u00e9letk\u00e9pess\u00e9g\u00e9t semmi sem bizony\u00edtja jobban, mint az, hogy 8 \u00e9ve m\u0171k\u00f6dik. A megval\u00f3s\u00edt\u00e1sok \u00f6nmaguk\u00e9rt besz\u00e9lnek, a t\u00e1mogat\u00e1sban r\u00e9sztvev\u0151k kiemelked\u0151 szerep\u00e9t senki sem vitathatja. A Kal\u00e1ka plusz tagoknak lehet\u0151s\u00e9g\u00fck van arra, hogy \u00f6tleteiket be\u00e9p\u00edts\u00fck a programunkba \u00e9s \u00f6nk\u00e9ntesk\u00e9nt ak\u00e1r r\u00e9szt is vehetnek azok megval\u00f3s\u00edt\u00e1s\u00e1ban. Tagjai lehetnek egy olyan k\u00f6z\u00f6ss\u00e9gnek, akikkel hasonl\u00f3 elveket vallanak, akikkel egy\u00fctt \u00e9lhet\u0151bb\u00e9 tudj\u00e1k tenni v\u00e1rosunkat.<\/p>\n<p>Ha szeretne bekapcsol\u00f3dni programunkba, \u00edrjon vagy h\u00edvjon benn\u00fcnket: <a href=\"mailto:szka@szka.org\">szka@szka.r<\/a>o, 0366-218100.[\/vc_column_text]<div class=\"ult_pricing_table_wrap ult_info_table ult_design_6  ult-cs-red  \">\n\t\t\t\t\t<div class=\"ult_pricing_table \" style=\" \"><div id=\"Info-table-wrap-8893\" class=\"ult_pricing_heading\" style=\"\">\n\t\t\t\t\t\t\t<h3 class=\"ult-responsive\"  data-ultimate-target='#Info-table-wrap-8893 h3'  data-responsive-json-new='{\"font-size\":\"\",\"line-height\":\"\"}'  style=\"font-weight:normal;\">Partnerek<\/h3><\/div><!--ult_pricing_heading--><div id=\"info_table_features_wrap-2655\"  data-ultimate-target='#info_table_features_wrap-2655.ult_price_features'  data-responsive-json-new='{\"font-size\":\"\",\"line-height\":\"\"}'  class=\"ult-responsive ult_price_features\" style=\"font-weight:normal;\">\n\t\t\t\t\t\t\t<table>\n<tbody>\n<tr>\n<td width=\"47\"><strong>\u00a0<\/strong><\/td>\n<td width=\"161\"><strong>C\u00e9gek neve<\/strong><\/td>\n<td width=\"161\"><strong>Adom\u00e1nyoz\u00f3k sz\u00e1ma<\/strong><\/td>\n<\/tr>\n<tr>\n<td width=\"47\">1<\/td>\n<td width=\"161\">ABC Impex<\/td>\n<td width=\"161\">82<\/td>\n<\/tr>\n<tr>\n<td width=\"47\">2<\/td>\n<td width=\"161\">Beta Roll<\/td>\n<td width=\"161\">24<\/td>\n<\/tr>\n<tr>\n<td width=\"47\">3<\/td>\n<td width=\"161\">Color Metal<\/td>\n<td width=\"161\">8<\/td>\n<\/tr>\n<tr>\n<td width=\"47\">4<\/td>\n<td width=\"161\">Elan Trio<\/td>\n<td width=\"161\">94<\/td>\n<\/tr>\n<tr>\n<td width=\"47\">5<\/td>\n<td width=\"161\">Expert Print<\/td>\n<td width=\"161\">8<\/td>\n<\/tr>\n<tr>\n<td width=\"47\">6<\/td>\n<td width=\"161\">Infopress Group<\/td>\n<td width=\"161\">25<\/td>\n<\/tr>\n<tr>\n<td width=\"47\">7<\/td>\n<td width=\"161\">IPG Technic<\/td>\n<td width=\"161\">1<\/td>\n<\/tr>\n<tr>\n<td width=\"47\">8<\/td>\n<td width=\"161\">Matrita<\/td>\n<td width=\"161\">19<\/td>\n<\/tr>\n<tr>\n<td width=\"47\">9<\/td>\n<td width=\"161\">Matplast<\/td>\n<td width=\"161\">8<\/td>\n<\/tr>\n<tr>\n<td width=\"47\">10<\/td>\n<td width=\"161\">Melinda Impex<\/td>\n<td width=\"161\">7<\/td>\n<\/tr>\n<tr>\n<td width=\"47\">11<\/td>\n<td width=\"161\">Print Impex<\/td>\n<td width=\"161\">19<\/td>\n<\/tr>\n<tr>\n<td width=\"47\">12<\/td>\n<td width=\"161\">Ridcon<\/td>\n<td width=\"161\">1<\/td>\n<\/tr>\n<tr>\n<td width=\"47\">13<\/td>\n<td width=\"161\">Kovatos Lakacs<\/td>\n<td width=\"161\">2<\/td>\n<\/tr>\n<tr>\n<td width=\"47\">14<\/td>\n<td width=\"161\">Teleglob<\/td>\n<td width=\"161\">4<\/td>\n<\/tr>\n<tr>\n<td width=\"47\">15<\/td>\n<td width=\"161\">Termol\u00e1ng<\/td>\n<td width=\"161\">11<\/td>\n<\/tr>\n<tr>\n<td width=\"47\">16<\/td>\n<td width=\"161\">Tiget Comp F\u00fcley<\/td>\n<td width=\"161\">2<\/td>\n<\/tr>\n<tr>\n<td width=\"47\">17<\/td>\n<td width=\"161\">Udvarhelyi H\u00edrad\u00f3<\/td>\n<td width=\"161\">23<\/td>\n<\/tr>\n<tr>\n<td width=\"47\">18<\/td>\n<td width=\"161\">Eco Online Pap\u00edr<\/td>\n<td width=\"161\">14<\/td>\n<\/tr>\n<tr>\n<td width=\"47\">19<\/td>\n<td width=\"161\">Coop Vointa<\/td>\n<td width=\"161\">8<\/td>\n<\/tr>\n<\/tbody>\n<\/table>\n\n\t\t\t\t\t\t<\/div><!--ult_price_features--><div class=\"ult_clr\"><\/div>\n\t\t\t<\/div><!--pricing_table-->\n\t\t<\/div><!--pricing_table_wrap-->[vc_column_text]Jelenleg 19 c\u00e9g a partner\u00fcnk \u00e9s \u00f6sszesen 360 egy\u00e9ni adom\u00e1nyoz\u00f3ja van a programnak.[\/vc_column_text][\/vc_column][\/vc_row]<\/p>\n<\/div>","protected":false},"excerpt":{"rendered":"<p>[vc_row][vc_column][vc_column_text]A V\u00e1rosi Kal\u00e1ka egyik adom\u00e1nygy\u0171jt\u0151 programja ez, mely 2009-t\u0151l m\u0171k\u00f6dik. E program keret\u00e9ben a helyi c\u00e9gek alkalmazottai rendszeres adom\u00e1nyaikkal, felaj\u00e1nl\u00e1saikkal j\u00e1rulnak hozz\u00e1 ahhoz a p\u00e9nzalaphoz, amelyb\u0151l megval\u00f3sulnak a k\u00f6z\u00f6ss\u00e9g sz\u00e1m\u00e1ra fontos k\u00f6zterek \u00e9s sportp\u00e1ly\u00e1k fel\u00faj\u00edt\u00e1sa, jav\u00edt\u00e1sa, \u00e1talak\u00edt\u00e1sa. &nbsp; Hogyan m\u0171k\u00f6dik? Az a helyi v\u00e1llalkoz\u00e1s, amely egyet\u00e9rt ennek a programnak az \u00e9rt\u00e9keivel \u00e9s m\u00f3dszertan\u00e1val, beengedi a [&hellip;]<\/p>\n","protected":false},"author":1,"featured_media":0,"parent":0,"menu_order":0,"comment_status":"closed","ping_status":"closed","template":"","meta":{"footnotes":""},"class_list":["post-24","page","type-page","status-publish","hentry"],"_links":{"self":[{"href":"https:\/\/varosikalaka.szka.ro\/index.php?rest_route=\/wp\/v2\/pages\/24","targetHints":{"allow":["GET"]}}],"collection":[{"href":"https:\/\/varosikalaka.szka.ro\/index.php?rest_route=\/wp\/v2\/pages"}],"about":[{"href":"https:\/\/varosikalaka.szka.ro\/index.php?rest_route=\/wp\/v2\/types\/page"}],"author":[{"embeddable":true,"href":"https:\/\/varosikalaka.szka.ro\/index.php?rest_route=\/wp\/v2\/users\/1"}],"replies":[{"embeddable":true,"href":"https:\/\/varosikalaka.szka.ro\/index.php?rest_route=%2Fwp%2Fv2%2Fcomments&post=24"}],"version-history":[{"count":6,"href":"https:\/\/varosikalaka.szka.ro\/index.php?rest_route=\/wp\/v2\/pages\/24\/revisions"}],"predecessor-version":[{"id":368,"href":"https:\/\/varosikalaka.szka.ro\/index.php?rest_route=\/wp\/v2\/pages\/24\/revisions\/368"}],"wp:attachment":[{"href":"https:\/\/varosikalaka.szka.ro\/index.php?rest_route=%2Fwp%2Fv2%2Fmedia&parent=24"}],"curies":[{"name":"wp","href":"https:\/\/api.w.org\/{rel}","templated":true}]}}